{"id":607,"date":"2023-06-06T14:27:14","date_gmt":"2023-06-06T12:27:14","guid":{"rendered":"https:\/\/plpetlover.pl\/terms-and-conditions-of-the-promotion-discount-for-subscribing-to-the-newsletter\/"},"modified":"2023-06-23T20:09:55","modified_gmt":"2023-06-23T18:09:55","slug":"terms-and-conditions-of-the-promotion-discount-for-subscribing-to-the-newsletter","status":"publish","type":"page","link":"https:\/\/plpetlover.pl\/en\/terms-and-conditions-of-the-promotion-discount-for-subscribing-to-the-newsletter\/","title":{"rendered":"Terms and conditions of the promotion &#8220;Discount for subscribing to the newsletter&#8221;."},"content":{"rendered":"\t\t<div data-elementor-type=\"wp-page\" data-elementor-id=\"607\" class=\"elementor elementor-607 elementor-501\">\n\t\t\t\t\t\t<section class=\"elementor-section elementor-top-section elementor-element elementor-element-34bf53e elementor-section-boxed elementor-section-height-default elementor-section-height-default\" data-id=\"34bf53e\" data-element_type=\"section\" data-e-type=\"section\">\n\t\t\t\t\t\t<div class=\"elementor-container elementor-column-gap-default\">\n\t\t\t\t\t<div class=\"elementor-column elementor-col-100 elementor-top-column elementor-element elementor-element-de14272\" data-id=\"de14272\" data-element_type=\"column\" data-e-type=\"column\">\n\t\t\t<div class=\"elementor-widget-wrap elementor-element-populated\">\n\t\t\t\t\t\t<div class=\"elementor-element elementor-element-4415975 gold-cover elementor-widget elementor-widget-heading\" data-id=\"4415975\" data-element_type=\"widget\" data-e-type=\"widget\" data-widget_type=\"heading.default\">\n\t\t\t\t\t<h1 class=\"elementor-heading-title elementor-size-default\">Terms and conditions of the promotion \"Discount for subscribing to the newsletter\".<\/h1>\t\t\t\t<\/div>\n\t\t\t\t\t<\/div>\n\t\t<\/div>\n\t\t\t\t\t<\/div>\n\t\t<\/section>\n\t\t\t\t<section class=\"elementor-section elementor-top-section elementor-element elementor-element-720988da elementor-section-boxed elementor-section-height-default elementor-section-height-default\" data-id=\"720988da\" data-element_type=\"section\" data-e-type=\"section\">\n\t\t\t\t\t\t<div class=\"elementor-container elementor-column-gap-default\">\n\t\t\t\t\t<div class=\"elementor-column elementor-col-100 elementor-top-column elementor-element elementor-element-6f7ea1c8\" data-id=\"6f7ea1c8\" data-element_type=\"column\" data-e-type=\"column\">\n\t\t\t<div class=\"elementor-widget-wrap elementor-element-populated\">\n\t\t\t\t\t\t<div class=\"elementor-element elementor-element-5225e58c elementor-widget elementor-widget-text-editor\" data-id=\"5225e58c\" data-element_type=\"widget\" data-e-type=\"widget\" data-widget_type=\"text-editor.default\">\n\t\t\t\t\t\t\t\t\t<p><strong>These Regulations specify the terms and conditions of the promotion &#8220;Discount for subscribing to the newsletter&#8221; (the &#8220;Promotion&#8221;) carried out in the online store <a href=\"https:\/\/plpetlover.pl\/en\/\">https:\/\/plpetlover.pl<\/a> (the &#8220;Online Store&#8221;).<\/strong><\/p>\n\t\t\t\t\t\t\t\t<\/div>\n\t\t\t\t<div class=\"elementor-element elementor-element-5e4d6685 gold-cover elementor-widget elementor-widget-heading\" data-id=\"5e4d6685\" data-element_type=\"widget\" data-e-type=\"widget\" data-widget_type=\"heading.default\">\n\t\t\t\t\t<h2 class=\"elementor-heading-title elementor-size-default\">\u00a71 Organizer of the promotion<\/h2>\t\t\t\t<\/div>\n\t\t\t\t<div class=\"elementor-element elementor-element-4b3d329c elementor-widget elementor-widget-text-editor\" data-id=\"4b3d329c\" data-element_type=\"widget\" data-e-type=\"widget\" data-widget_type=\"text-editor.default\">\n\t\t\t\t\t\t\t\t\t<ol>\n<li><strong>The organizer of the Promotion is PET Lover Sp\u00f3\u0142ka z ograniczon\u0105 odpowiedzialno\u015bci\u0105 with its registered office in Warsaw (postal code: 00-113) at ul. Emilii Plater 53, entered in the Register of Entrepreneurs of the National Court Register kept by the District Court for the Capital City of Warsaw. Warsaw, XII Economic Department of the National Court Register under KRS number: 0000866296: NIP: 5252840883, REGON: 387392537, with a share capital of PLN 5,000.00.<\/strong><\/li>\n<\/ol>\t\t\t\t\t\t\t\t<\/div>\n\t\t\t\t<div class=\"elementor-element elementor-element-430d001e gold-cover elementor-widget elementor-widget-heading\" data-id=\"430d001e\" data-element_type=\"widget\" data-e-type=\"widget\" data-widget_type=\"heading.default\">\n\t\t\t\t\t<h2 class=\"elementor-heading-title elementor-size-default\">\u00a72 Promotion Rules<\/h2>\t\t\t\t<\/div>\n\t\t\t\t<div class=\"elementor-element elementor-element-1ef0390c elementor-widget elementor-widget-text-editor\" data-id=\"1ef0390c\" data-element_type=\"widget\" data-e-type=\"widget\" data-widget_type=\"text-editor.default\">\n\t\t\t\t\t\t\t\t\t<ol>\n<li style=\"font-weight: 400;\" aria-level=\"2\"><strong>The promotion is aimed at <a href=\"https:\/\/plpetlover.pl\/en\/\">https:\/\/plpetlover.pl<\/a> users <\/strong><\/li>\n<li style=\"font-weight: 400;\" aria-level=\"2\"><strong>During the Promotion period, customers who first sign up for the newsletter on the Online Store&#8217;s website and confirm their subscription will receive via email, a one-time code to receive a 5% (in words: five percent) discount on purchases.  <\/strong><\/li>\n<li style=\"font-weight: 400;\" aria-level=\"2\"><strong>The discount code will be valid during the Promotion period. The code can be used by entering it into the appropriate field in the shopping cart of the Online Store.<\/strong><\/li>\n<li style=\"font-weight: 400;\" aria-level=\"2\"><strong>The discount code does not apply to the cost of transportation of goods from the order.<\/strong><\/li>\n<li style=\"font-weight: 400;\" aria-level=\"2\"><strong>In case of simultaneous purchase of several products included in the Promotion, the discount is calculated on the total price of the purchased products included in the Promotion.  <\/strong><\/li>\n<li style=\"font-weight: 400;\" aria-level=\"2\"><strong>During the Promotion, each Promotion Participant may use the Promotion only once.  <\/strong><\/li>\n<li style=\"font-weight: 400;\" aria-level=\"2\"><strong>The discount granted by the Organizer under the Promotion is not subject to payment in cash or exchange for any other means of payment and is non-transferable.  <\/strong><\/li>\n<li style=\"font-weight: 400;\" aria-level=\"2\"><strong>A Promotion Participant purchasing Products from the Online Store has the right, but not the obligation, to take advantage of the discount.<\/strong><\/li>\n<li style=\"font-weight: 400;\" aria-level=\"2\"><strong>The promotion covers all products in the assortment of the Online Store, subject to point e) below.  <\/strong><\/li>\n<li style=\"font-weight: 400;\" aria-level=\"2\"><strong>The Organizer stipulates that if new products are introduced to the offer of the Online Store during the Promotion period, some of these products may be excluded from the Promotion. In this case, the list of products excluded from the Promotion will be published as an appendix to these regulations.<\/strong><\/li>\n<\/ol>\t\t\t\t\t\t\t\t<\/div>\n\t\t\t\t<div class=\"elementor-element elementor-element-48a9534 gold-cover elementor-widget elementor-widget-heading\" data-id=\"48a9534\" data-element_type=\"widget\" data-e-type=\"widget\" data-widget_type=\"heading.default\">\n\t\t\t\t\t<h2 class=\"elementor-heading-title elementor-size-default\">\u00a73 Duration of the Promotion<\/h2>\t\t\t\t<\/div>\n\t\t\t\t<div class=\"elementor-element elementor-element-717c1b3a elementor-widget elementor-widget-text-editor\" data-id=\"717c1b3a\" data-element_type=\"widget\" data-e-type=\"widget\" data-widget_type=\"text-editor.default\">\n\t\t\t\t\t\t\t\t\t<ol>\n<li>The promotion begins on May 24, 2023. at. 10 a.m. and runs until December 31, 2023. to hrs. 23:59.<\/li>\n<\/ol>\t\t\t\t\t\t\t\t<\/div>\n\t\t\t\t<div class=\"elementor-element elementor-element-177963b gold-cover elementor-widget elementor-widget-heading\" data-id=\"177963b\" data-element_type=\"widget\" data-e-type=\"widget\" data-widget_type=\"heading.default\">\n\t\t\t\t\t<h2 class=\"elementor-heading-title elementor-size-default\">\u00a74 Return or exchange of products purchased in the Promotion<\/h2>\t\t\t\t<\/div>\n\t\t\t\t<div class=\"elementor-element elementor-element-2ebdf1e9 elementor-widget elementor-widget-text-editor\" data-id=\"2ebdf1e9\" data-element_type=\"widget\" data-e-type=\"widget\" data-widget_type=\"text-editor.default\">\n\t\t\t\t\t\t\t\t\t<ol>\n<li style=\"font-weight: 400;\" aria-level=\"2\"><strong>According to Art. 27 of the Law on Consumer Rights, the Consumer has the right to withdraw from the Sales Agreement of promotional products without giving any reason within 14 days (in words: fourteen days) from the day on which the Consumer came into possession of the promotional products or on which a third party indicated by the Consumer other than the courier came into possession of the promotional products.<\/strong><\/li>\n<li style=\"font-weight: 400;\" aria-level=\"2\"><strong>The consumer shall be liable for any diminution in the value of the Promotional Product resulting from use beyond what is necessary to ascertain the nature, characteristics and functioning of the Product.<\/strong><\/li>\n<\/ol>\t\t\t\t\t\t\t\t<\/div>\n\t\t\t\t<div class=\"elementor-element elementor-element-5a2dba8e gold-cover elementor-widget elementor-widget-heading\" data-id=\"5a2dba8e\" data-element_type=\"widget\" data-e-type=\"widget\" data-widget_type=\"heading.default\">\n\t\t\t\t\t<h2 class=\"elementor-heading-title elementor-size-default\">\u00a75 Complaint  <\/h2>\t\t\t\t<\/div>\n\t\t\t\t<div class=\"elementor-element elementor-element-6c27da0e elementor-widget elementor-widget-text-editor\" data-id=\"6c27da0e\" data-element_type=\"widget\" data-e-type=\"widget\" data-widget_type=\"text-editor.default\">\n\t\t\t\t\t\t\t\t\t<ol>\n<li style=\"font-weight: 400;\" aria-level=\"2\"><strong>Complaints related to participation in this Promotion should be submitted to the Organizer&#8217;s mailing address or to the e-mail address: <a href=\"mailto:kontakt@plpetlover.pl\">kontakt@plpetlover.pl<\/a> with the note &#8220;Complaint&#8221;.<\/strong><\/li>\n<li style=\"font-weight: 400;\" aria-level=\"2\"><strong>The Organizer will respond to the presented allegations within 14 days (in words: fourteen days) from the moment of its receipt and will inform the customer in writing at the address provided in the complaint or via e-mail, at the customer&#8217;s choice.<\/strong><\/li>\n<\/ol>\t\t\t\t\t\t\t\t<\/div>\n\t\t\t\t<div class=\"elementor-element elementor-element-749598de gold-cover elementor-widget elementor-widget-heading\" data-id=\"749598de\" data-element_type=\"widget\" data-e-type=\"widget\" data-widget_type=\"heading.default\">\n\t\t\t\t\t<h2 class=\"elementor-heading-title elementor-size-default\">\u00a76 Final provisions<\/h2>\t\t\t\t<\/div>\n\t\t\t\t<div class=\"elementor-element elementor-element-60a5495 elementor-widget elementor-widget-text-editor\" data-id=\"60a5495\" data-element_type=\"widget\" data-e-type=\"widget\" data-widget_type=\"text-editor.default\">\n\t\t\t\t\t\t\t\t\t<ol>\n<li style=\"font-weight: 400;\" aria-level=\"2\"><strong>The promotion does not combine with other promotional actions of the Organizer.  <\/strong><\/li>\n<li style=\"font-weight: 400;\" aria-level=\"2\"><strong>The content of these regulations is available for review at the Online Store.<\/strong><\/li>\n<li style=\"font-weight: 400;\" aria-level=\"2\"><strong>In justified cases, the Organizer reserves the right to change these regulations or to change the term of this Promotion without prejudice to the rights acquired by customers before the date of the change.  <\/strong><\/li>\n<li style=\"font-weight: 400;\" aria-level=\"2\"><strong>Any matters not covered by these Regulations will be governed by generally applicable laws.<\/strong><\/li>\n<\/ol>\t\t\t\t\t\t\t\t<\/div>\n\t\t\t\t\t<\/div>\n\t\t<\/div>\n\t\t\t\t\t<\/div>\n\t\t<\/section>\n\t\t\t\t<\/div>\n\t\t","protected":false},"excerpt":{"rendered":"<p>Terms and conditions of the promotion &#8220;Discount for subscribing to the newsletter&#8221;. These Regulations specify the terms and conditions of the promotion &#8220;Discount for subscribing to the newsletter&#8221; (the &#8220;Promotion&#8221;) carried out in the online store https:\/\/plpetlover.pl (the &#8220;Online Store&#8221;). \u00a71 Organizer of the promotion The organizer of the Promotion is PET Lover Sp\u00f3\u0142ka z [&hellip;]<\/p>\n","protected":false},"author":1,"featured_media":0,"parent":0,"menu_order":0,"comment_status":"closed","ping_status":"closed","template":"","meta":{"site-sidebar-layout":"no-sidebar","site-content-layout":"page-builder","ast-site-content-layout":"default","site-content-style":"default","site-sidebar-style":"default","ast-global-header-display":"","ast-banner-title-visibility":"","ast-main-header-display":"","ast-hfb-above-header-display":"","ast-hfb-below-header-display":"","ast-hfb-mobile-header-display":"","site-post-title":"disabled","ast-breadcrumbs-content":"","ast-featured-img":"disabled","footer-sml-layout":"","ast-disable-related-posts":"","theme-transparent-header-meta":"","adv-header-id-meta":"","stick-header-meta":"","header-above-stick-meta":"","header-main-stick-meta":"","header-below-stick-meta":"","astra-migrate-meta-layouts":"default","ast-page-background-enabled":"default","ast-page-background-meta":{"desktop":{"background-color":"var(--ast-global-color-4)","background-image":"","background-repeat":"repeat","background-position":"center center","background-size":"auto","background-attachment":"scroll","background-type":"","background-media":"","overlay-type":"","overlay-color":"","overlay-opacity":"","overlay-gradient":""},"tablet":{"background-color":"","background-image":"","background-repeat":"repeat","background-position":"center center","background-size":"auto","background-attachment":"scroll","background-type":"","background-media":"","overlay-type":"","overlay-color":"","overlay-opacity":"","overlay-gradient":""},"mobile":{"background-color":"","background-image":"","background-repeat":"repeat","background-position":"center center","background-size":"auto","background-attachment":"scroll","background-type":"","background-media":"","overlay-type":"","overlay-color":"","overlay-opacity":"","overlay-gradient":""}},"ast-content-background-meta":{"desktop":{"background-color":"var(--ast-global-color-5)","background-image":"","background-repeat":"repeat","background-position":"center center","background-size":"auto","background-attachment":"scroll","background-type":"","background-media":"","overlay-type":"","overlay-color":"","overlay-opacity":"","overlay-gradient":""},"tablet":{"background-color":"var(--ast-global-color-5)","background-image":"","background-repeat":"repeat","background-position":"center center","background-size":"auto","background-attachment":"scroll","background-type":"","background-media":"","overlay-type":"","overlay-color":"","overlay-opacity":"","overlay-gradient":""},"mobile":{"background-color":"var(--ast-global-color-5)","background-image":"","background-repeat":"repeat","background-position":"center center","background-size":"auto","background-attachment":"scroll","background-type":"","background-media":"","overlay-type":"","overlay-color":"","overlay-opacity":"","overlay-gradient":""}},"footnotes":""},"class_list":["post-607","page","type-page","status-publish","hentry"],"_links":{"self":[{"href":"https:\/\/plpetlover.pl\/en\/wp-json\/wp\/v2\/pages\/607","targetHints":{"allow":["GET"]}}],"collection":[{"href":"https:\/\/plpetlover.pl\/en\/wp-json\/wp\/v2\/pages"}],"about":[{"href":"https:\/\/plpetlover.pl\/en\/wp-json\/wp\/v2\/types\/page"}],"author":[{"embeddable":true,"href":"https:\/\/plpetlover.pl\/en\/wp-json\/wp\/v2\/users\/1"}],"replies":[{"embeddable":true,"href":"https:\/\/plpetlover.pl\/en\/wp-json\/wp\/v2\/comments?post=607"}],"version-history":[{"count":0,"href":"https:\/\/plpetlover.pl\/en\/wp-json\/wp\/v2\/pages\/607\/revisions"}],"wp:attachment":[{"href":"https:\/\/plpetlover.pl\/en\/wp-json\/wp\/v2\/media?parent=607"}],"curies":[{"name":"wp","href":"https:\/\/api.w.org\/{rel}","templated":true}]}}