{"id":3043,"date":"2025-03-14T11:23:42","date_gmt":"2025-03-14T10:23:42","guid":{"rendered":"https:\/\/plpetlover.pl\/%d1%81%d0%bf%d1%96%d0%b2%d0%bf%d1%80%d0%b0%d1%86%d1%8f\/"},"modified":"2025-04-07T07:51:04","modified_gmt":"2025-04-07T05:51:04","slug":"%d1%81%d0%bf%d1%96%d0%b2%d0%bf%d1%80%d0%b0%d1%86%d1%8f","status":"publish","type":"page","link":"https:\/\/plpetlover.pl\/uk\/%d1%81%d0%bf%d1%96%d0%b2%d0%bf%d1%80%d0%b0%d1%86%d1%8f\/","title":{"rendered":"\u0421\u043f\u0456\u0432\u043f\u0440\u0430\u0446\u044f"},"content":{"rendered":"\t\t<div data-elementor-type=\"wp-page\" data-elementor-id=\"3043\" class=\"elementor elementor-3043 elementor-2810\">\n\t\t\t\t\t\t<section class=\"elementor-section elementor-top-section elementor-element elementor-element-eb1fc8d elementor-section-boxed elementor-section-height-default elementor-section-height-default\" data-id=\"eb1fc8d\" data-element_type=\"section\" data-e-type=\"section\">\n\t\t\t\t\t\t<div class=\"elementor-container elementor-column-gap-no\">\n\t\t\t\t\t<div class=\"elementor-column elementor-col-100 elementor-top-column elementor-element elementor-element-c6091bf\" data-id=\"c6091bf\" data-element_type=\"column\" data-e-type=\"column\">\n\t\t\t<div class=\"elementor-widget-wrap elementor-element-populated\">\n\t\t\t\t\t\t<div class=\"elementor-element elementor-element-db1429e elementor-widget elementor-widget-heading\" data-id=\"db1429e\" data-element_type=\"widget\" data-e-type=\"widget\" data-widget_type=\"heading.default\">\n\t\t\t\t\t<h1 class=\"elementor-heading-title elementor-size-default\">\u0421\u043f\u0456\u0432\u043f\u0440\u0430\u0446\u044f<\/h1>\t\t\t\t<\/div>\n\t\t\t\t<div class=\"elementor-element elementor-element-a875f1e elementor-widget__width-initial elementor-widget elementor-widget-text-editor\" data-id=\"a875f1e\" data-element_type=\"widget\" data-e-type=\"widget\" data-widget_type=\"text-editor.default\">\n\t\t\t\t\t\t\t\t\t<p>\u041c\u0438 \u0432 PETLOVER \u0432\u0456\u0440\u0438\u043c\u043e, \u0449\u043e \u0437\u0434\u043e\u0440\u043e\u0432&#8217;\u044f \u0442\u0430 \u0431\u043b\u0430\u0433\u043e\u043f\u043e\u043b\u0443\u0447\u0447\u044f \u0434\u043e\u043c\u0430\u0448\u043d\u0456\u0445 \u0443\u043b\u044e\u0431\u043b\u0435\u043d\u0446\u0456\u0432 \u043f\u043e\u0447\u0438\u043d\u0430\u0454\u0442\u044c\u0441\u044f \u0437\u0456 \u0437\u0431\u0430\u043b\u0430\u043d\u0441\u043e\u0432\u0430\u043d\u043e\u0433\u043e \u0440\u0430\u0446\u0456\u043e\u043d\u0443 \u0442\u0430 \u043f\u0440\u0438\u0440\u043e\u0434\u043d\u043e\u0433\u043e, \u0443\u0441\u0432\u0456\u0434\u043e\u043c\u043b\u0435\u043d\u043e\u0433\u043e \u0434\u043e\u0433\u043b\u044f\u0434\u0443. \u041c\u0438 \u0441\u0442\u0432\u043e\u0440\u044e\u0454\u043c\u043e \u0432\u0438\u0441\u043e\u043a\u043e\u044f\u043a\u0456\u0441\u043d\u0456 \u0434\u043e\u0431\u0430\u0432\u043a\u0438 \u0442\u0430 \u043d\u0430\u0442\u0443\u0440\u0430\u043b\u044c\u043d\u0456 \u043b\u0430\u0441\u043e\u0449\u0456 \u0434\u043b\u044f \u0441\u043e\u0431\u0430\u043a \u0456 \u043a\u043e\u0442\u0456\u0432 &#8211; \u0432\u0441\u0435 \u0434\u043b\u044f \u0442\u043e\u0433\u043e, \u0449\u043e\u0431 \u043f\u0456\u0434\u0442\u0440\u0438\u043c\u0443\u0432\u0430\u0442\u0438 \u0437\u0434\u043e\u0440\u043e\u0432&#8217;\u044f \u0432\u0430\u0448\u0438\u0445 \u0443\u043b\u044e\u0431\u043b\u0435\u043d\u0446\u0456\u0432 \u0443 \u043d\u0430\u0439\u043a\u0440\u0430\u0449\u0438\u0439 \u0441\u043f\u043e\u0441\u0456\u0431. <\/p>\n<p>\u042f\u043a\u0449\u043e \u0432\u0438 \u0432\u043e\u043b\u043e\u0434\u0456\u0454\u0442\u0435 \u0437\u043e\u043e\u043c\u0430\u0433\u0430\u0437\u0438\u043d\u043e\u043c \u0430\u0431\u043e \u0442\u043e\u0440\u0433\u043e\u0432\u043e\u044e \u043f\u043b\u0430\u0442\u0444\u043e\u0440\u043c\u043e\u044e \u0456 \u0445\u043e\u0447\u0435\u0442\u0435 \u0437\u0430\u043f\u0440\u043e\u043f\u043e\u043d\u0443\u0432\u0430\u0442\u0438 \u0441\u0432\u043e\u0457\u043c \u043a\u043b\u0456\u0454\u043d\u0442\u0430\u043c \u043f\u0435\u0440\u0435\u0432\u0456\u0440\u0435\u043d\u0456, \u043d\u0430\u0442\u0443\u0440\u0430\u043b\u044c\u043d\u0456 \u043f\u0440\u043e\u0434\u0443\u043a\u0442\u0438, \u043c\u0438 \u0437\u0430\u043f\u0440\u043e\u0448\u0443\u0454\u043c\u043e \u0434\u043e \u043e\u043f\u0442\u043e\u0432\u043e\u0457 \u0441\u043f\u0456\u0432\u043f\u0440\u0430\u0446\u0456. \u041c\u0438 \u0442\u0430\u043a\u043e\u0436 \u0440\u0430\u0434\u0456 \u043d\u0430\u043b\u0430\u0433\u043e\u0434\u0438\u0442\u0438 \u0440\u0435\u043a\u043b\u0430\u043c\u043d\u0435 \u043f\u0430\u0440\u0442\u043d\u0435\u0440\u0441\u0442\u0432\u043e \u0437 \u043b\u044e\u0434\u044c\u043c\u0438, \u044f\u043a\u0456 \u043f\u043e\u0434\u0456\u043b\u044f\u044e\u0442\u044c \u043d\u0430\u0448\u0456 \u0446\u0456\u043d\u043d\u043e\u0441\u0442\u0456 \u0442\u0430 \u0445\u043e\u0447\u0443\u0442\u044c \u043f\u043e\u0448\u0438\u0440\u044e\u0432\u0430\u0442\u0438 \u0456\u043d\u0444\u043e\u0440\u043c\u0430\u0446\u0456\u044e \u043f\u0440\u043e \u0441\u0432\u0456\u0434\u043e\u043c\u0438\u0439 \u0434\u043e\u0433\u043b\u044f\u0434 \u0437\u0430 \u0434\u043e\u043c\u0430\u0448\u043d\u0456\u043c\u0438 \u0442\u0432\u0430\u0440\u0438\u043d\u0430\u043c\u0438 \u0442\u0430 \u0437\u0434\u043e\u0440\u043e\u0432\u0435 \u0445\u0430\u0440\u0447\u0443\u0432\u0430\u043d\u043d\u044f. <\/p>\n<p>\u0417\u0432&#8217;\u044f\u0436\u0456\u0442\u044c\u0441\u044f \u0437 \u043d\u0430\u043c\u0438 \u0456 \u0434\u0430\u0432\u0430\u0439\u0442\u0435 \u0440\u0430\u0437\u043e\u043c \u043f\u043e\u0434\u0431\u0430\u0454\u043c\u043e \u043f\u0440\u043e \u0437\u0434\u043e\u0440\u043e\u0432&#8217;\u044f \u043d\u0430\u0448\u0438\u0445 \u0443\u043b\u044e\u0431\u043b\u0435\u043d\u0446\u0456\u0432!<\/p>\n\t\t\t\t\t\t\t\t<\/div>\n\t\t\t\t\t<\/div>\n\t\t<\/div>\n\t\t\t\t\t<\/div>\n\t\t<\/section>\n\t\t\t\t<section class=\"elementor-section elementor-top-section elementor-element elementor-element-fa765c3 elementor-section-boxed elementor-section-height-default elementor-section-height-default\" data-id=\"fa765c3\" data-element_type=\"section\" data-e-type=\"section\">\n\t\t\t\t\t\t<div class=\"elementor-container elementor-column-gap-no\">\n\t\t\t\t\t<div class=\"elementor-column elementor-col-100 elementor-top-column elementor-element elementor-element-905116a\" data-id=\"905116a\" data-element_type=\"column\" data-e-type=\"column\">\n\t\t\t<div class=\"elementor-widget-wrap elementor-element-populated\">\n\t\t\t\t\t\t<div class=\"elementor-element elementor-element-1377daf elementor-widget elementor-widget-shortcode\" data-id=\"1377daf\" data-element_type=\"widget\" data-e-type=\"widget\" data-widget_type=\"shortcode.default\">\n\t\t\t\t\t\t\t<div class=\"elementor-shortcode\"><div class=\"forminator-ui forminator-custom-form forminator-custom-form-3032 forminator-design--material  forminator_ajax\" data-forminator-render=\"0\" data-form=\"forminator-module-3032\" data-uid=\"69e4b07d1d882\"><br\/><\/div><form\n\t\t\t\tid=\"forminator-module-3032\"\n\t\t\t\tclass=\"forminator-ui forminator-custom-form forminator-custom-form-3032 forminator-design--material  forminator_ajax\"\n\t\t\t\tmethod=\"post\"\n\t\t\t\tdata-forminator-render=\"0\"\n\t\t\t\tdata-form-id=\"3032\"\n\t\t\t\t data-color-option=\"default\" data-design=\"material\" data-grid=\"open\" style=\"display: none;\"\n\t\t\t\tdata-uid=\"69e4b07d1d882\"\n\t\t\t><div role=\"alert\" aria-live=\"polite\" class=\"forminator-response-message forminator-error\" aria-hidden=\"true\"><\/div><div class=\"forminator-row\"><div id=\"name-1\" class=\"forminator-field-name forminator-col forminator-col-12 \"><div class=\"forminator-field\"><label for=\"forminator-field-name-1_69e4b07d1d882\" id=\"forminator-field-name-1_69e4b07d1d882-label\" class=\"forminator-label\">Imi\u0119 i nazwisko <span class=\"forminator-required\">*<\/span><\/label><input type=\"text\" name=\"name-1\" value=\"\" placeholder=\"Na przyk\u0142ad: Jan Kowalski\" id=\"forminator-field-name-1_69e4b07d1d882\" class=\"forminator-input forminator-name--field\" aria-required=\"true\" autocomplete=\"name\" \/><\/div><\/div><\/div><div class=\"forminator-row\"><div id=\"email-1\" class=\"forminator-field-email forminator-col forminator-col-12 \"><div class=\"forminator-field\"><label for=\"forminator-field-email-1_69e4b07d1d882\" id=\"forminator-field-email-1_69e4b07d1d882-label\" class=\"forminator-label\">Adres e-mail <span class=\"forminator-required\">*<\/span><\/label><input type=\"email\" name=\"email-1\" value=\"\" placeholder=\"Na przyk\u0142ad: jan@kowalski.com\" id=\"forminator-field-email-1_69e4b07d1d882\" class=\"forminator-input forminator-email--field\" data-required=\"1\" aria-required=\"true\" autocomplete=\"email\" \/><\/div><\/div><\/div><div class=\"forminator-row\"><div id=\"phone-1\" class=\"forminator-field-phone forminator-col forminator-col-12 \"><div class=\"forminator-field\"><label for=\"forminator-field-phone-1_69e4b07d1d882\" id=\"forminator-field-phone-1_69e4b07d1d882-label\" class=\"forminator-label\">Numer telefonu<\/label><input type=\"text\" name=\"phone-1\" value=\"\" placeholder=\"Przyk\u0142ad: +48 300 400 5000\" id=\"forminator-field-phone-1_69e4b07d1d882\" class=\"forminator-input forminator-field--phone\" data-required=\"\" aria-required=\"false\" autocomplete=\"off\" \/><\/div><\/div><\/div><div class=\"forminator-row\"><div id=\"textarea-1\" class=\"forminator-field-textarea forminator-col forminator-col-12 \"><div class=\"forminator-field\"><label for=\"forminator-field-textarea-1_69e4b07d1d882\" id=\"forminator-field-textarea-1_69e4b07d1d882-label\" class=\"forminator-label\">Twoja wiadomo\u015b\u0107 <span class=\"forminator-required\">*<\/span><\/label><textarea name=\"textarea-1\" placeholder=\"\" id=\"forminator-field-textarea-1_69e4b07d1d882\" class=\"forminator-textarea\" rows=\"6\" style=\"min-height:80px;\" ><\/textarea><\/div><\/div><\/div><div class=\"forminator-row\"><div id=\"checkbox-1\" class=\"forminator-field-checkbox forminator-col forminator-col-12 \"><div role=\"group\" class=\"forminator-field required\" aria-labelledby=\"forminator-checkbox-group-forminator-field-checkbox-1-69e4b07d1d882-label\"><label id=\"forminator-field-checkbox-1-1-69e4b07d1d882-label\" for=\"forminator-field-checkbox-1-1-69e4b07d1d882\" class=\"forminator-checkbox\" title=\"Administratorem danych zawartych w wiadomo\u015bci e-mail jest Sp\u00f3\u0142ka pod nazw\u0105 PET LOVER Sp. z o.o. Wysy\u0142aj\u0105c wiadomo\u015b\u0107, przekazujesz Sp\u00f3\u0142ce adres e-mail oraz inne dane zawarte w tre\u015bci wiadomo\u015bci. Szczeg\u00f3\u0142y dotycz\u0105ce przetwarzania danych znajdziesz w polityce prywatno\u015bci osadzonej na plpetlovers.pl\/polityka-prywatnosci\"><input type=\"checkbox\" name=\"checkbox-1[]\" value=\"one\" id=\"forminator-field-checkbox-1-1-69e4b07d1d882\" aria-labelledby=\"forminator-field-checkbox-1-1-69e4b07d1d882-label\" data-calculation=\"0\"   data-hidden-behavior=\"zero\"\/><span class=\"forminator-checkbox-box\" aria-hidden=\"true\"><\/span><span class=\"forminator-checkbox-label\">Administratorem danych zawartych w wiadomo\u015bci e-mail jest Sp\u00f3\u0142ka pod nazw\u0105 PET LOVER Sp. z o.o. Wysy\u0142aj\u0105c wiadomo\u015b\u0107, przekazujesz Sp\u00f3\u0142ce adres e-mail oraz inne dane zawarte w tre\u015bci wiadomo\u015bci. Szczeg\u00f3\u0142y dotycz\u0105ce przetwarzania danych znajdziesz w polityce prywatno\u015bci osadzonej na plpetlovers.pl\/polityka-prywatnosci<\/span><\/label><\/div><\/div><\/div><div class=\"forminator-row\" style=\"margin: 0;\"><div id=\"captcha-1\" class=\"forminator-field-captcha  forminator-col-12 \"><div class=\"forminator-captcha-left forminator-g-recaptcha recaptcha-invisible\" data-theme=\"light\" data-badge=\"bottomright\" data-sitekey=\"6LcrydElAAAAANbMiLEdvJeLOfMkztTR3F8VMxw-\" data-size=\"invisible\"><\/div> <\/div><\/div><input type=\"hidden\" name=\"referer_url\" value=\"\" \/><div class=\"forminator-row forminator-row-last\"><div class=\"forminator-col\"><div class=\"forminator-field\"><button class=\"forminator-button forminator-button-submit\"><span>Wy\u015blij wiadomo\u015b\u0107<\/span><span aria-hidden=\"true\"><\/span><\/button><\/div><\/div><\/div><input type=\"hidden\" id=\"forminator_nonce\" name=\"forminator_nonce\" value=\"71b2a2d433\" \/><input type=\"hidden\" name=\"_wp_http_referer\" value=\"\/uk\/wp-json\/wp\/v2\/pages\/3043\" \/><input type=\"hidden\" name=\"form_id\" value=\"3032\"><input type=\"hidden\" name=\"page_id\" value=\"3043\"><input type=\"hidden\" name=\"form_type\" value=\"default\"><input type=\"hidden\" name=\"current_url\" value=\"https:\/\/plpetlover.pl\/uk\/%d1%81%d0%bf%d1%96%d0%b2%d0%bf%d1%80%d0%b0%d1%86%d1%8f\/\"><input type=\"hidden\" name=\"render_id\" value=\"0\"><input type=\"hidden\" name=\"action\" value=\"forminator_submit_form_custom-forms\"><\/form><\/div>\n\t\t\t\t\t\t<\/div>\n\t\t\t\t\t<\/div>\n\t\t<\/div>\n\t\t\t\t\t<\/div>\n\t\t<\/section>\n\t\t\t\t<\/div>\n\t\t","protected":false},"excerpt":{"rendered":"<p>\u0421\u043f\u0456\u0432\u043f\u0440\u0430\u0446\u044f \u041c\u0438 \u0432 PETLOVER \u0432\u0456\u0440\u0438\u043c\u043e, \u0449\u043e \u0437\u0434\u043e\u0440\u043e\u0432&#8217;\u044f \u0442\u0430 \u0431\u043b\u0430\u0433\u043e\u043f\u043e\u043b\u0443\u0447\u0447\u044f \u0434\u043e\u043c\u0430\u0448\u043d\u0456\u0445 \u0443\u043b\u044e\u0431\u043b\u0435\u043d\u0446\u0456\u0432 \u043f\u043e\u0447\u0438\u043d\u0430\u0454\u0442\u044c\u0441\u044f \u0437\u0456 \u0437\u0431\u0430\u043b\u0430\u043d\u0441\u043e\u0432\u0430\u043d\u043e\u0433\u043e \u0440\u0430\u0446\u0456\u043e\u043d\u0443 \u0442\u0430 \u043f\u0440\u0438\u0440\u043e\u0434\u043d\u043e\u0433\u043e, \u0443\u0441\u0432\u0456\u0434\u043e\u043c\u043b\u0435\u043d\u043e\u0433\u043e \u0434\u043e\u0433\u043b\u044f\u0434\u0443. \u041c\u0438 \u0441\u0442\u0432\u043e\u0440\u044e\u0454\u043c\u043e \u0432\u0438\u0441\u043e\u043a\u043e\u044f\u043a\u0456\u0441\u043d\u0456 \u0434\u043e\u0431\u0430\u0432\u043a\u0438 \u0442\u0430 \u043d\u0430\u0442\u0443\u0440\u0430\u043b\u044c\u043d\u0456 \u043b\u0430\u0441\u043e\u0449\u0456 \u0434\u043b\u044f \u0441\u043e\u0431\u0430\u043a \u0456 \u043a\u043e\u0442\u0456\u0432 &#8211; \u0432\u0441\u0435 \u0434\u043b\u044f \u0442\u043e\u0433\u043e, \u0449\u043e\u0431 \u043f\u0456\u0434\u0442\u0440\u0438\u043c\u0443\u0432\u0430\u0442\u0438 \u0437\u0434\u043e\u0440\u043e\u0432&#8217;\u044f \u0432\u0430\u0448\u0438\u0445 \u0443\u043b\u044e\u0431\u043b\u0435\u043d\u0446\u0456\u0432 \u0443 \u043d\u0430\u0439\u043a\u0440\u0430\u0449\u0438\u0439 \u0441\u043f\u043e\u0441\u0456\u0431. \u042f\u043a\u0449\u043e \u0432\u0438 \u0432\u043e\u043b\u043e\u0434\u0456\u0454\u0442\u0435 \u0437\u043e\u043e\u043c\u0430\u0433\u0430\u0437\u0438\u043d\u043e\u043c \u0430\u0431\u043e \u0442\u043e\u0440\u0433\u043e\u0432\u043e\u044e \u043f\u043b\u0430\u0442\u0444\u043e\u0440\u043c\u043e\u044e \u0456 \u0445\u043e\u0447\u0435\u0442\u0435 \u0437\u0430\u043f\u0440\u043e\u043f\u043e\u043d\u0443\u0432\u0430\u0442\u0438 \u0441\u0432\u043e\u0457\u043c \u043a\u043b\u0456\u0454\u043d\u0442\u0430\u043c \u043f\u0435\u0440\u0435\u0432\u0456\u0440\u0435\u043d\u0456, [&hellip;]<\/p>\n","protected":false},"author":103,"featured_media":0,"parent":0,"menu_order":0,"comment_status":"closed","ping_status":"closed","template":"","meta":{"site-sidebar-layout":"no-sidebar","site-content-layout":"page-builder","ast-site-content-layout":"full-width-container","site-content-style":"default","site-sidebar-style":"default","ast-global-header-display":"","ast-banner-title-visibility":"","ast-main-header-display":"","ast-hfb-above-header-display":"","ast-hfb-below-header-display":"","ast-hfb-mobile-header-display":"","site-post-title":"disabled","ast-breadcrumbs-content":"","ast-featured-img":"disabled","footer-sml-layout":"","ast-disable-related-posts":"","theme-transparent-header-meta":"","adv-header-id-meta":"","stick-header-meta":"","header-above-stick-meta":"","header-main-stick-meta":"","header-below-stick-meta":"","astra-migrate-meta-layouts":"default","ast-page-background-enabled":"default","ast-page-background-meta":{"desktop":{"background-color":"var(--ast-global-color-4)","background-image":"","background-repeat":"repeat","background-position":"center center","background-size":"auto","background-attachment":"scroll","background-type":"","background-media":"","overlay-type":"","overlay-color":"","overlay-opacity":"","overlay-gradient":""},"tablet":{"background-color":"","background-image":"","background-repeat":"repeat","background-position":"center center","background-size":"auto","background-attachment":"scroll","background-type":"","background-media":"","overlay-type":"","overlay-color":"","overlay-opacity":"","overlay-gradient":""},"mobile":{"background-color":"","background-image":"","background-repeat":"repeat","background-position":"center center","background-size":"auto","background-attachment":"scroll","background-type":"","background-media":"","overlay-type":"","overlay-color":"","overlay-opacity":"","overlay-gradient":""}},"ast-content-background-meta":{"desktop":{"background-color":"var(--ast-global-color-5)","background-image":"","background-repeat":"repeat","background-position":"center center","background-size":"auto","background-attachment":"scroll","background-type":"","background-media":"","overlay-type":"","overlay-color":"","overlay-opacity":"","overlay-gradient":""},"tablet":{"background-color":"var(--ast-global-color-5)","background-image":"","background-repeat":"repeat","background-position":"center center","background-size":"auto","background-attachment":"scroll","background-type":"","background-media":"","overlay-type":"","overlay-color":"","overlay-opacity":"","overlay-gradient":""},"mobile":{"background-color":"var(--ast-global-color-5)","background-image":"","background-repeat":"repeat","background-position":"center center","background-size":"auto","background-attachment":"scroll","background-type":"","background-media":"","overlay-type":"","overlay-color":"","overlay-opacity":"","overlay-gradient":""}},"footnotes":""},"class_list":["post-3043","page","type-page","status-publish","hentry"],"_links":{"self":[{"href":"https:\/\/plpetlover.pl\/uk\/wp-json\/wp\/v2\/pages\/3043","targetHints":{"allow":["GET"]}}],"collection":[{"href":"https:\/\/plpetlover.pl\/uk\/wp-json\/wp\/v2\/pages"}],"about":[{"href":"https:\/\/plpetlover.pl\/uk\/wp-json\/wp\/v2\/types\/page"}],"author":[{"embeddable":true,"href":"https:\/\/plpetlover.pl\/uk\/wp-json\/wp\/v2\/users\/103"}],"replies":[{"embeddable":true,"href":"https:\/\/plpetlover.pl\/uk\/wp-json\/wp\/v2\/comments?post=3043"}],"version-history":[{"count":1,"href":"https:\/\/plpetlover.pl\/uk\/wp-json\/wp\/v2\/pages\/3043\/revisions"}],"predecessor-version":[{"id":3044,"href":"https:\/\/plpetlover.pl\/uk\/wp-json\/wp\/v2\/pages\/3043\/revisions\/3044"}],"wp:attachment":[{"href":"https:\/\/plpetlover.pl\/uk\/wp-json\/wp\/v2\/media?parent=3043"}],"curies":[{"name":"wp","href":"https:\/\/api.w.org\/{rel}","templated":true}]}}