{"id":730,"date":"2023-05-17T19:14:34","date_gmt":"2023-05-17T17:14:34","guid":{"rendered":"https:\/\/plpetlover.pl\/%d0%bf%d1%80%d0%be-%d0%bd%d0%b0%d1%81\/"},"modified":"2025-04-07T07:26:16","modified_gmt":"2025-04-07T05:26:16","slug":"%d0%bf%d1%80%d0%be-%d0%bd%d0%b0%d1%81","status":"publish","type":"page","link":"https:\/\/plpetlover.pl\/uk\/%d0%bf%d1%80%d0%be-%d0%bd%d0%b0%d1%81\/","title":{"rendered":"\u041f\u0440\u043e \u043d\u0430\u0441"},"content":{"rendered":"\t\t<div data-elementor-type=\"wp-page\" data-elementor-id=\"730\" class=\"elementor elementor-730 elementor-100\">\n\t\t\t\t\t\t<section class=\"elementor-section elementor-top-section elementor-element elementor-element-e8b1f62 elementor-section-boxed elementor-section-height-default elementor-section-height-default\" data-id=\"e8b1f62\" data-element_type=\"section\" data-e-type=\"section\">\n\t\t\t\t\t\t<div class=\"elementor-container elementor-column-gap-no\">\n\t\t\t\t\t<div class=\"elementor-column elementor-col-100 elementor-top-column elementor-element elementor-element-a599da4\" data-id=\"a599da4\" data-element_type=\"column\" data-e-type=\"column\">\n\t\t\t<div class=\"elementor-widget-wrap elementor-element-populated\">\n\t\t\t\t\t\t<div class=\"elementor-element elementor-element-f8e53bb elementor-widget elementor-widget-heading\" data-id=\"f8e53bb\" data-element_type=\"widget\" data-e-type=\"widget\" data-widget_type=\"heading.default\">\n\t\t\t\t\t<h1 class=\"elementor-heading-title elementor-size-default\">\u041f\u0440\u043e \u043d\u0430\u0441<\/h1>\t\t\t\t<\/div>\n\t\t\t\t\t<\/div>\n\t\t<\/div>\n\t\t\t\t\t<\/div>\n\t\t<\/section>\n\t\t\t\t<section class=\"elementor-section elementor-top-section elementor-element elementor-element-6bfefcd elementor-section-boxed elementor-section-height-default elementor-section-height-default\" data-id=\"6bfefcd\" data-element_type=\"section\" data-e-type=\"section\">\n\t\t\t\t\t\t<div class=\"elementor-container elementor-column-gap-no\">\n\t\t\t\t\t<div class=\"elementor-column elementor-col-100 elementor-top-column elementor-element elementor-element-37d618b\" data-id=\"37d618b\" data-element_type=\"column\" data-e-type=\"column\">\n\t\t\t<div class=\"elementor-widget-wrap elementor-element-populated\">\n\t\t\t\t\t\t<div class=\"elementor-element elementor-element-9d0342f elementor-hidden-desktop elementor-hidden-mobile elementor-widget elementor-widget-image\" data-id=\"9d0342f\" data-element_type=\"widget\" data-e-type=\"widget\" data-widget_type=\"image.default\">\n\t\t\t\t\t\t\t\t\t\t\t\t\t\t\t<img fetchpriority=\"high\" decoding=\"async\" width=\"1024\" height=\"715\" src=\"https:\/\/plpetlover.pl\/wp-content\/uploads\/2023\/05\/petlover-sklep-o-nas-pies-i-kot-tablet-1024x715.png\" class=\"attachment-large size-large wp-image-104\" alt=\"Pet Lover sklep pies i kot\" srcset=\"https:\/\/plpetlover.pl\/wp-content\/uploads\/2023\/05\/petlover-sklep-o-nas-pies-i-kot-tablet-1024x715.png 1024w, https:\/\/plpetlover.pl\/wp-content\/uploads\/2023\/05\/petlover-sklep-o-nas-pies-i-kot-tablet-800x559.png 800w, https:\/\/plpetlover.pl\/wp-content\/uploads\/2023\/05\/petlover-sklep-o-nas-pies-i-kot-tablet-300x210.png 300w, https:\/\/plpetlover.pl\/wp-content\/uploads\/2023\/05\/petlover-sklep-o-nas-pies-i-kot-tablet-768x536.png 768w, https:\/\/plpetlover.pl\/wp-content\/uploads\/2023\/05\/petlover-sklep-o-nas-pies-i-kot-tablet.png 1200w\" sizes=\"(max-width: 1024px) 100vw, 1024px\" \/>\t\t\t\t\t\t\t\t\t\t\t\t\t\t\t<\/div>\n\t\t\t\t<div class=\"elementor-element elementor-element-58c669c elementor-hidden-tablet elementor-hidden-mobile elementor-widget elementor-widget-image\" data-id=\"58c669c\" data-element_type=\"widget\" data-e-type=\"widget\" data-widget_type=\"image.default\">\n\t\t\t\t\t\t\t\t\t\t\t\t\t\t\t<img decoding=\"async\" width=\"1200\" height=\"575\" src=\"https:\/\/plpetlover.pl\/wp-content\/uploads\/2023\/05\/petlover-sklep-o-nas-pies-i-kot.png\" class=\"attachment-full size-full wp-image-103\" alt=\"Pet Lover sklep pies i kot\" srcset=\"https:\/\/plpetlover.pl\/wp-content\/uploads\/2023\/05\/petlover-sklep-o-nas-pies-i-kot.png 1200w, https:\/\/plpetlover.pl\/wp-content\/uploads\/2023\/05\/petlover-sklep-o-nas-pies-i-kot-800x383.png 800w, https:\/\/plpetlover.pl\/wp-content\/uploads\/2023\/05\/petlover-sklep-o-nas-pies-i-kot-300x144.png 300w, https:\/\/plpetlover.pl\/wp-content\/uploads\/2023\/05\/petlover-sklep-o-nas-pies-i-kot-1024x491.png 1024w, https:\/\/plpetlover.pl\/wp-content\/uploads\/2023\/05\/petlover-sklep-o-nas-pies-i-kot-768x368.png 768w\" sizes=\"(max-width: 1200px) 100vw, 1200px\" \/>\t\t\t\t\t\t\t\t\t\t\t\t\t\t\t<\/div>\n\t\t\t\t<section class=\"elementor-section elementor-inner-section elementor-element elementor-element-b9c941e elementor-section-boxed elementor-section-height-default elementor-section-height-default\" data-id=\"b9c941e\" data-element_type=\"section\" data-e-type=\"section\">\n\t\t\t\t\t\t<div class=\"elementor-container elementor-column-gap-default\">\n\t\t\t\t\t<div class=\"elementor-column elementor-col-100 elementor-inner-column elementor-element elementor-element-fff2e83\" data-id=\"fff2e83\" data-element_type=\"column\" data-e-type=\"column\">\n\t\t\t<div class=\"elementor-widget-wrap elementor-element-populated\">\n\t\t\t\t\t\t<div class=\"elementor-element elementor-element-a7559f9 elementor-widget elementor-widget-text-editor\" data-id=\"a7559f9\" data-element_type=\"widget\" data-e-type=\"widget\" data-widget_type=\"text-editor.default\">\n\t\t\t\t\t\t\t\t\t<p>Pet Lover &#8211; \u0446\u0435 \u043f\u043e\u043b\u044c\u0441\u044c\u043a\u0438\u0439 \u0431\u0440\u0435\u043d\u0434, \u044f\u043a\u0438\u0439 \u043d\u0430\u0440\u043e\u0434\u0438\u0432\u0441\u044f \u0437 \u043b\u044e\u0431\u043e\u0432\u0456 \u0434\u043e \u043d\u0430\u0448\u0438\u0445 \u043f\u0440\u0435\u043a\u0440\u0430\u0441\u043d\u0438\u0445 \u0456 \u0432\u0456\u0440\u043d\u0438\u0445 \u0441\u0443\u043f\u0443\u0442\u043d\u0438\u043a\u0456\u0432 &#8211; \u043d\u0430\u0448\u0438\u0445 \u0443\u043b\u044e\u0431\u043b\u0435\u043d\u0438\u0445 \u0434\u043e\u043c\u0430\u0448\u043d\u0456\u0445 \u0442\u0432\u0430\u0440\u0438\u043d. \u0423 Pet Lover \u043c\u0438 \u043b\u044e\u0431\u0438\u043c\u043e \u0442\u0432\u0430\u0440\u0438\u043d \u0456 \u0434\u0431\u0430\u0454\u043c\u043e \u043f\u0440\u043e \u0457\u0445 \u0437\u0434\u043e\u0440\u043e\u0432\u2019\u044f \u0442\u0430 \u0437\u0430\u0433\u0430\u043b\u044c\u043d\u0435 \u0441\u0430\u043c\u043e\u043f\u043e\u0447\u0443\u0442\u0442\u044f. \u041c\u0438 \u0432\u0456\u0440\u0438\u043c\u043e, \u0449\u043e \u0448\u043b\u044f\u0445 \u0434\u043e \u0441\u0435\u0440\u0446\u044f \u043a\u043e\u0436\u043d\u043e\u0433\u043e \u0434\u043e\u043c\u0430\u0448\u043d\u044c\u043e\u0433\u043e \u0443\u043b\u044e\u0431\u043b\u0435\u043d\u0446\u044f \u043b\u0435\u0436\u0438\u0442\u044c \u0447\u0435\u0440\u0435\u0437 \u0439\u043e\u0433\u043e \u0448\u043b\u0443\u043d\u043e\u043a, \u0442\u043e\u043c\u0443 \u043c\u0438 \u0441\u0442\u0432\u043e\u0440\u0438\u043b\u0438 \u043f\u0440\u0435\u043c\u0456\u0430\u043b\u044c\u043d\u0443 \u043b\u0456\u043d\u0456\u0439\u043a\u0443 \u0432\u0456\u0442\u0430\u043c\u0456\u043d\u0456\u0432 \u0434\u043b\u044f \u0441\u043e\u0431\u0430\u043a \u0456 \u043a\u0456\u0448\u043e\u043a, \u044f\u043a\u0456 \u043d\u0435\u043e\u0434\u043c\u0456\u043d\u043d\u043e \u0441\u043f\u043e\u0434\u043e\u0431\u0430\u044e\u0442\u044c\u0441\u044f \u0432\u0430\u0448\u043e\u043c\u0443 \u0443\u043b\u044e\u0431\u043b\u0435\u043d\u0446\u044e.<\/p>\n\t\t\t\t\t\t\t\t<\/div>\n\t\t\t\t<div class=\"elementor-element elementor-element-bc454ea elementor-widget elementor-widget-text-editor\" data-id=\"bc454ea\" data-element_type=\"widget\" data-e-type=\"widget\" data-widget_type=\"text-editor.default\">\n\t\t\t\t\t\t\t\t\t<p>\u0423 \u043d\u0430\u0448\u043e\u043c\u0443 \u0456\u043d\u0442\u0435\u0440\u043d\u0435\u0442-\u043c\u0430\u0433\u0430\u0437\u0438\u043d\u0456 \u0432\u0438 \u0437\u043d\u0430\u0439\u0434\u0435\u0442\u0435 \u0431\u0430\u0433\u0430\u0442\u043e \u043f\u0440\u043e\u0434\u0443\u043a\u0442\u0456\u0432, \u044f\u043a\u0456 \u0434\u043e\u043f\u043e\u043c\u043e\u0436\u0443\u0442\u044c \u0432\u0430\u043c \u043f\u043e\u0434\u0431\u0430\u0442\u0438 \u043f\u0440\u043e \u0432\u0430\u0448\u0443 \u0441\u043e\u0431\u0430\u043a\u0443 \u0430\u0431\u043e \u043a\u0456\u0448\u043a\u0443 &#8211; \u0432 \u0442\u043e\u043c\u0443 \u0447\u0438\u0441\u043b\u0456: \u0434\u043e\u0431\u0430\u0432\u043a\u0438 \u0434\u043b\u044f \u0441\u0443\u0433\u043b\u043e\u0431\u0456\u0432 \u0434\u043b\u044f \u043a\u0456\u0448\u043e\u043a \u0456 \u0441\u043e\u0431\u0430\u043a, \u043f\u043e\u043b\u0456\u0432\u0456\u0442\u0430\u043c\u0456\u043d\u0438 \u0434\u043b\u044f \u043a\u0456\u0448\u043e\u043a, \u043e\u043c\u0435\u0433\u0430-3 \u0434\u043b\u044f \u0441\u043e\u0431\u0430\u043a, \u0430 \u0442\u0430\u043a\u043e\u0436 \u043c\u0430\u0441\u043b\u043e \u0434\u043b\u044f \u043d\u043e\u0441\u0430 \u0456 \u043b\u0430\u043f. \u0417 \u0432\u0456\u0442\u0430\u043c\u0456\u043d\u0430\u043c\u0438 \u0434\u043b\u044f \u043a\u043e\u0442\u0456\u0432 \u0456 \u0441\u043e\u0431\u0430\u043a \u0432\u0456\u0434 Pet Lover \u0432\u0430\u0448\u0456 \u0432\u0438\u0445\u043e\u0432\u0430\u043d\u0446\u0456 \u043e\u0442\u0440\u0438\u043c\u0430\u044e\u0442\u044c \u0432\u0441\u0435 \u043d\u0435\u043e\u0431\u0445\u0456\u0434\u043d\u0435, \u0449\u043e\u0431 \u0437\u0430\u043b\u0438\u0448\u0430\u0442\u0438\u0441\u044f \u0437\u0434\u043e\u0440\u043e\u0432\u0438\u043c\u0438 \u0442\u0430 \u0436\u0438\u0442\u0442\u0454\u0432\u0438\u043c\u0438. Pet Lover &#8211; \u0433\u0430\u0440\u0430\u043d\u0442\u0456\u044f \u044f\u043a\u043e\u0441\u0442\u0456 \u0442\u0430 \u0435\u0444\u0435\u043a\u0442\u0438\u0432\u043d\u043e\u0441\u0442\u0456. \u041c\u0438 \u043f\u0440\u043e\u043f\u043e\u043d\u0443\u0454\u043c\u043e \u043d\u0430\u0439\u044f\u043a\u0456\u0441\u043d\u0456\u0448\u0456 \u0432\u0456\u0442\u0430\u043c\u0456\u043d\u0438 \u0434\u043b\u044f \u0446\u0443\u0446\u0435\u043d\u044f\u0442 \u0456 \u043f\u0440\u0435\u043f\u0430\u0440\u0430\u0442\u0438 \u0434\u043b\u044f \u043b\u0456\u0442\u043d\u0456\u0445 \u0441\u043e\u0431\u0430\u043a. \u0414\u043e\u0432\u0456\u0440\u0442\u0435\u0441\u044f \u043d\u0430\u0448\u043e\u043c\u0443 \u0431\u0440\u0435\u043d\u0434\u0443, \u0456 \u0432\u0430\u0448 \u0432\u0438\u0445\u043e\u0432\u0430\u043d\u0435\u0446\u044c \u0431\u0443\u0434\u0435 \u0432\u0434\u044f\u0447\u043d\u0438\u0439 \u0432\u0430\u043c \u0437\u0430 \u0432\u0441\u044e \u043b\u044e\u0431\u043e\u0432 \u0456 \u0443\u0432\u0430\u0433\u0443, \u044f\u043a\u0456 \u0432\u0438 \u0439\u043e\u043c\u0443 \u043f\u0440\u0438\u0434\u0456\u043b\u044f\u0454\u0442\u0435.<\/p>\n\t\t\t\t\t\t\t\t<\/div>\n\t\t\t\t<div class=\"elementor-element elementor-element-4ff6779 elementor-widget elementor-widget-text-editor\" data-id=\"4ff6779\" data-element_type=\"widget\" data-e-type=\"widget\" data-widget_type=\"text-editor.default\">\n\t\t\t\t\t\t\t\t\t<p>\u041d\u0435 \u0447\u0435\u043a\u0430\u0439\u0442\u0435 \u0431\u0456\u043b\u044c\u0448\u0435, \u0432\u0456\u0434\u0432\u0456\u0434\u0430\u0439\u0442\u0435 \u043d\u0430\u0448 \u0456\u043d\u0442\u0435\u0440\u043d\u0435\u0442-\u043c\u0430\u0433\u0430\u0437\u0438\u043d \u0456 \u0432\u0456\u0434\u043a\u0440\u0438\u0439\u0442\u0435 \u0434\u043b\u044f \u0441\u0435\u0431\u0435 \u0441\u0432\u0456\u0442 \u043f\u0440\u043e\u0434\u0443\u043a\u0442\u0456\u0432 Pet Lover Premium &#8211; \u0456\u0434\u0435\u0430\u043b\u044c\u043d\u0438\u0445 \u044f\u043a \u0434\u043e\u0431\u0430\u0432\u043e\u043a \u0434\u043b\u044f \u043c\u0430\u043b\u0435\u043d\u044c\u043a\u0438\u0445 \u0434\u043e\u043c\u0430\u0448\u043d\u0456\u0445 \u0442\u0432\u0430\u0440\u0438\u043d, \u0442\u0430\u043a \u0456 \u0432\u0456\u0442\u0430\u043c\u0456\u043d\u0456\u0432 \u0434\u043b\u044f \u043b\u0456\u0442\u043d\u0456\u0445 \u0441\u043e\u0431\u0430\u043a!<\/p>\n\t\t\t\t\t\t\t\t<\/div>\n\t\t\t\t<div class=\"elementor-element elementor-element-3b6db68 elementor-align-center elementor-widget elementor-widget-button\" data-id=\"3b6db68\" data-element_type=\"widget\" data-e-type=\"widget\" data-widget_type=\"button.default\">\n\t\t\t\t\t\t\t\t\t\t<a class=\"elementor-button elementor-button-link elementor-size-sm elementor-animation-float\" href=\"https:\/\/plpetlover.pl\/sklep\/\">\n\t\t\t\t\t\t<span class=\"elementor-button-content-wrapper\">\n\t\t\t\t\t\t\t\t\t<span class=\"elementor-button-text\">\u041e\u0437\u043d\u0430\u0439\u043e\u043c\u0442\u0435\u0441\u044f \u0437 \u043d\u0430\u0448\u043e\u044e \u043f\u0440\u043e\u0434\u0443\u043a\u0446\u0456\u0454\u044e<\/span>\n\t\t\t\t\t<\/span>\n\t\t\t\t\t<\/a>\n\t\t\t\t\t\t\t\t<\/div>\n\t\t\t\t\t<\/div>\n\t\t<\/div>\n\t\t\t\t\t<\/div>\n\t\t<\/section>\n\t\t\t\t\t<\/div>\n\t\t<\/div>\n\t\t\t\t\t<\/div>\n\t\t<\/section>\n\t\t\t\t<section class=\"elementor-section elementor-top-section elementor-element elementor-element-6a65705 elementor-section-boxed elementor-section-height-default elementor-section-height-default\" data-id=\"6a65705\" data-element_type=\"section\" data-e-type=\"section\">\n\t\t\t\t\t\t<div class=\"elementor-container elementor-column-gap-no\">\n\t\t\t\t\t<div class=\"elementor-column elementor-col-25 elementor-top-column elementor-element elementor-element-6faf08f\" data-id=\"6faf08f\" data-element_type=\"column\" data-e-type=\"column\">\n\t\t\t<div class=\"elementor-widget-wrap elementor-element-populated\">\n\t\t\t\t\t\t<div class=\"elementor-element elementor-element-6993bed elementor-widget elementor-widget-image\" data-id=\"6993bed\" data-element_type=\"widget\" data-e-type=\"widget\" data-widget_type=\"image.default\">\n\t\t\t\t\t\t\t\t\t\t\t\t\t\t\t<img decoding=\"async\" width=\"512\" height=\"512\" src=\"https:\/\/plpetlover.pl\/wp-content\/uploads\/2023\/05\/karma-uzupelniajaca-dla-kotow-petlover-sklep.png\" class=\"attachment-large size-large wp-image-105\" alt=\"Karma uzupe\u0142niaj\u0105ca dla kot\u00f3w Pet Lover sklep\" srcset=\"https:\/\/plpetlover.pl\/wp-content\/uploads\/2023\/05\/karma-uzupelniajaca-dla-kotow-petlover-sklep.png 512w, https:\/\/plpetlover.pl\/wp-content\/uploads\/2023\/05\/karma-uzupelniajaca-dla-kotow-petlover-sklep-100x100.png 100w, https:\/\/plpetlover.pl\/wp-content\/uploads\/2023\/05\/karma-uzupelniajaca-dla-kotow-petlover-sklep-300x300.png 300w, https:\/\/plpetlover.pl\/wp-content\/uploads\/2023\/05\/karma-uzupelniajaca-dla-kotow-petlover-sklep-150x150.png 150w\" sizes=\"(max-width: 512px) 100vw, 512px\" \/>\t\t\t\t\t\t\t\t\t\t\t\t\t\t\t<\/div>\n\t\t\t\t<div class=\"elementor-element elementor-element-ba30143 elementor-widget elementor-widget-heading\" data-id=\"ba30143\" data-element_type=\"widget\" data-e-type=\"widget\" data-widget_type=\"heading.default\">\n\t\t\t\t\t<h2 class=\"elementor-heading-title elementor-size-default\">\u0414\u043b\u044f \u043a\u043e\u0442\u0456\u0432<\/h2>\t\t\t\t<\/div>\n\t\t\t\t\t<\/div>\n\t\t<\/div>\n\t\t\t\t<div class=\"elementor-column elementor-col-25 elementor-top-column elementor-element elementor-element-016baeb\" data-id=\"016baeb\" data-element_type=\"column\" data-e-type=\"column\">\n\t\t\t<div class=\"elementor-widget-wrap elementor-element-populated\">\n\t\t\t\t\t\t<div class=\"elementor-element elementor-element-2b69755 elementor-widget elementor-widget-image\" data-id=\"2b69755\" data-element_type=\"widget\" data-e-type=\"widget\" data-widget_type=\"image.default\">\n\t\t\t\t\t\t\t\t\t\t\t\t\t\t\t<img loading=\"lazy\" decoding=\"async\" width=\"512\" height=\"512\" src=\"https:\/\/plpetlover.pl\/wp-content\/uploads\/2023\/05\/karma-uzupelniajaca-dla-psow-petlover-sklep.png\" class=\"attachment-large size-large wp-image-106\" alt=\"Karma uzupe\u0142niaj\u0105ca dla ps\u00f3w Pet Lover sklep\" srcset=\"https:\/\/plpetlover.pl\/wp-content\/uploads\/2023\/05\/karma-uzupelniajaca-dla-psow-petlover-sklep.png 512w, https:\/\/plpetlover.pl\/wp-content\/uploads\/2023\/05\/karma-uzupelniajaca-dla-psow-petlover-sklep-100x100.png 100w, https:\/\/plpetlover.pl\/wp-content\/uploads\/2023\/05\/karma-uzupelniajaca-dla-psow-petlover-sklep-300x300.png 300w, https:\/\/plpetlover.pl\/wp-content\/uploads\/2023\/05\/karma-uzupelniajaca-dla-psow-petlover-sklep-150x150.png 150w\" sizes=\"(max-width: 512px) 100vw, 512px\" \/>\t\t\t\t\t\t\t\t\t\t\t\t\t\t\t<\/div>\n\t\t\t\t<div class=\"elementor-element elementor-element-d99e7d7 elementor-widget elementor-widget-heading\" data-id=\"d99e7d7\" data-element_type=\"widget\" data-e-type=\"widget\" data-widget_type=\"heading.default\">\n\t\t\t\t\t<h2 class=\"elementor-heading-title elementor-size-default\">\u0414\u043b\u044f \u0441\u043e\u0431\u0430\u043a<\/h2>\t\t\t\t<\/div>\n\t\t\t\t\t<\/div>\n\t\t<\/div>\n\t\t\t\t<div class=\"elementor-column elementor-col-25 elementor-top-column elementor-element elementor-element-740a3b8\" data-id=\"740a3b8\" data-element_type=\"column\" data-e-type=\"column\">\n\t\t\t<div class=\"elementor-widget-wrap elementor-element-populated\">\n\t\t\t\t\t\t<div class=\"elementor-element elementor-element-538592c elementor-widget elementor-widget-image\" data-id=\"538592c\" data-element_type=\"widget\" data-e-type=\"widget\" data-widget_type=\"image.default\">\n\t\t\t\t\t\t\t\t\t\t\t\t\t\t\t<img loading=\"lazy\" decoding=\"async\" width=\"512\" height=\"512\" src=\"https:\/\/plpetlover.pl\/wp-content\/uploads\/2023\/05\/wlasciwosci-zdrowotne-karma-uzupelniajaca-dla-psow-i-kotow-petlover-sklep.png\" class=\"attachment-large size-large wp-image-107\" alt=\"W\u0142a\u015bciwo\u015bci zdrowotne karma uzupe\u0142niaj\u0105ca dla ps\u00f3w i kot\u00f3w Pet Lover sklep\" srcset=\"https:\/\/plpetlover.pl\/wp-content\/uploads\/2023\/05\/wlasciwosci-zdrowotne-karma-uzupelniajaca-dla-psow-i-kotow-petlover-sklep.png 512w, https:\/\/plpetlover.pl\/wp-content\/uploads\/2023\/05\/wlasciwosci-zdrowotne-karma-uzupelniajaca-dla-psow-i-kotow-petlover-sklep-100x100.png 100w, https:\/\/plpetlover.pl\/wp-content\/uploads\/2023\/05\/wlasciwosci-zdrowotne-karma-uzupelniajaca-dla-psow-i-kotow-petlover-sklep-300x300.png 300w, https:\/\/plpetlover.pl\/wp-content\/uploads\/2023\/05\/wlasciwosci-zdrowotne-karma-uzupelniajaca-dla-psow-i-kotow-petlover-sklep-150x150.png 150w\" sizes=\"(max-width: 512px) 100vw, 512px\" \/>\t\t\t\t\t\t\t\t\t\t\t\t\t\t\t<\/div>\n\t\t\t\t<div class=\"elementor-element elementor-element-4c3f051 elementor-widget elementor-widget-heading\" data-id=\"4c3f051\" data-element_type=\"widget\" data-e-type=\"widget\" data-widget_type=\"heading.default\">\n\t\t\t\t\t<h2 class=\"elementor-heading-title elementor-size-default\">\u0412\u043b\u0430\u0441\u0442\u0438\u0432\u043e\u0441\u0442\u0456 \u0434\u043b\u044f \u0437\u0434\u043e\u0440\u043e\u0432'\u044f<\/h2>\t\t\t\t<\/div>\n\t\t\t\t\t<\/div>\n\t\t<\/div>\n\t\t\t\t<div class=\"elementor-column elementor-col-25 elementor-top-column elementor-element elementor-element-31e8405\" data-id=\"31e8405\" data-element_type=\"column\" data-e-type=\"column\">\n\t\t\t<div class=\"elementor-widget-wrap elementor-element-populated\">\n\t\t\t\t\t\t<div class=\"elementor-element elementor-element-90d4926 elementor-widget elementor-widget-image\" data-id=\"90d4926\" data-element_type=\"widget\" data-e-type=\"widget\" data-widget_type=\"image.default\">\n\t\t\t\t\t\t\t\t\t\t\t\t\t\t\t<img loading=\"lazy\" decoding=\"async\" width=\"512\" height=\"512\" src=\"https:\/\/plpetlover.pl\/wp-content\/uploads\/2023\/05\/wysoka-jakosc-karma-uzupelniajaca-dla-psow-i-kotow-petlover-sklep.png\" class=\"attachment-large size-large wp-image-108\" alt=\"Wysoka jako\u015b\u0107 karma uzupe\u0142niaj\u0105ca dla ps\u00f3w i kot\u00f3w Pet Lover sklep\" srcset=\"https:\/\/plpetlover.pl\/wp-content\/uploads\/2023\/05\/wysoka-jakosc-karma-uzupelniajaca-dla-psow-i-kotow-petlover-sklep.png 512w, https:\/\/plpetlover.pl\/wp-content\/uploads\/2023\/05\/wysoka-jakosc-karma-uzupelniajaca-dla-psow-i-kotow-petlover-sklep-100x100.png 100w, https:\/\/plpetlover.pl\/wp-content\/uploads\/2023\/05\/wysoka-jakosc-karma-uzupelniajaca-dla-psow-i-kotow-petlover-sklep-300x300.png 300w, https:\/\/plpetlover.pl\/wp-content\/uploads\/2023\/05\/wysoka-jakosc-karma-uzupelniajaca-dla-psow-i-kotow-petlover-sklep-150x150.png 150w\" sizes=\"(max-width: 512px) 100vw, 512px\" \/>\t\t\t\t\t\t\t\t\t\t\t\t\t\t\t<\/div>\n\t\t\t\t<div class=\"elementor-element elementor-element-f281f56 elementor-widget elementor-widget-heading\" data-id=\"f281f56\" data-element_type=\"widget\" data-e-type=\"widget\" data-widget_type=\"heading.default\">\n\t\t\t\t\t<h2 class=\"elementor-heading-title elementor-size-default\">\u0412\u0438\u0441\u043e\u043a\u0430 \u044f\u043a\u0456\u0441\u0442\u044c<\/h2>\t\t\t\t<\/div>\n\t\t\t\t\t<\/div>\n\t\t<\/div>\n\t\t\t\t\t<\/div>\n\t\t<\/section>\n\t\t\t\t<\/div>\n\t\t","protected":false},"excerpt":{"rendered":"<p>\u041f\u0440\u043e \u043d\u0430\u0441 Pet Lover &#8211; \u0446\u0435 \u043f\u043e\u043b\u044c\u0441\u044c\u043a\u0438\u0439 \u0431\u0440\u0435\u043d\u0434, \u044f\u043a\u0438\u0439 \u043d\u0430\u0440\u043e\u0434\u0438\u0432\u0441\u044f \u0437 \u043b\u044e\u0431\u043e\u0432\u0456 \u0434\u043e \u043d\u0430\u0448\u0438\u0445 \u043f\u0440\u0435\u043a\u0440\u0430\u0441\u043d\u0438\u0445 \u0456 \u0432\u0456\u0440\u043d\u0438\u0445 \u0441\u0443\u043f\u0443\u0442\u043d\u0438\u043a\u0456\u0432 &#8211; \u043d\u0430\u0448\u0438\u0445 \u0443\u043b\u044e\u0431\u043b\u0435\u043d\u0438\u0445 \u0434\u043e\u043c\u0430\u0448\u043d\u0456\u0445 \u0442\u0432\u0430\u0440\u0438\u043d. \u0423 Pet Lover \u043c\u0438 \u043b\u044e\u0431\u0438\u043c\u043e \u0442\u0432\u0430\u0440\u0438\u043d \u0456 \u0434\u0431\u0430\u0454\u043c\u043e \u043f\u0440\u043e \u0457\u0445 \u0437\u0434\u043e\u0440\u043e\u0432\u2019\u044f \u0442\u0430 \u0437\u0430\u0433\u0430\u043b\u044c\u043d\u0435 \u0441\u0430\u043c\u043e\u043f\u043e\u0447\u0443\u0442\u0442\u044f. \u041c\u0438 \u0432\u0456\u0440\u0438\u043c\u043e, \u0449\u043e \u0448\u043b\u044f\u0445 \u0434\u043e \u0441\u0435\u0440\u0446\u044f \u043a\u043e\u0436\u043d\u043e\u0433\u043e \u0434\u043e\u043c\u0430\u0448\u043d\u044c\u043e\u0433\u043e \u0443\u043b\u044e\u0431\u043b\u0435\u043d\u0446\u044f \u043b\u0435\u0436\u0438\u0442\u044c \u0447\u0435\u0440\u0435\u0437 \u0439\u043e\u0433\u043e \u0448\u043b\u0443\u043d\u043e\u043a, \u0442\u043e\u043c\u0443 \u043c\u0438 \u0441\u0442\u0432\u043e\u0440\u0438\u043b\u0438 \u043f\u0440\u0435\u043c\u0456\u0430\u043b\u044c\u043d\u0443 \u043b\u0456\u043d\u0456\u0439\u043a\u0443 [&hellip;]<\/p>\n","protected":false},"author":1,"featured_media":0,"parent":0,"menu_order":0,"comment_status":"closed","ping_status":"closed","template":"","meta":{"site-sidebar-layout":"no-sidebar","site-content-layout":"page-builder","ast-site-content-layout":"full-width-container","site-content-style":"unboxed","site-sidebar-style":"unboxed","ast-global-header-display":"","ast-banner-title-visibility":"","ast-main-header-display":"","ast-hfb-above-header-display":"","ast-hfb-below-header-display":"","ast-hfb-mobile-header-display":"","site-post-title":"disabled","ast-breadcrumbs-content":"","ast-featured-img":"disabled","footer-sml-layout":"","ast-disable-related-posts":"","theme-transparent-header-meta":"","adv-header-id-meta":"","stick-header-meta":"","header-above-stick-meta":"","header-main-stick-meta":"","header-below-stick-meta":"","astra-migrate-meta-layouts":"default","ast-page-background-enabled":"default","ast-page-background-meta":{"desktop":{"background-color":"var(--ast-global-color-4)","background-image":"","background-repeat":"repeat","background-position":"center center","background-size":"auto","background-attachment":"scroll","background-type":"","background-media":"","overlay-type":"","overlay-color":"","overlay-opacity":"","overlay-gradient":""},"tablet":{"background-color":"","background-image":"","background-repeat":"repeat","background-position":"center center","background-size":"auto","background-attachment":"scroll","background-type":"","background-media":"","overlay-type":"","overlay-color":"","overlay-opacity":"","overlay-gradient":""},"mobile":{"background-color":"","background-image":"","background-repeat":"repeat","background-position":"center center","background-size":"auto","background-attachment":"scroll","background-type":"","background-media":"","overlay-type":"","overlay-color":"","overlay-opacity":"","overlay-gradient":""}},"ast-content-background-meta":{"desktop":{"background-color":"var(--ast-global-color-5)","background-image":"","background-repeat":"repeat","background-position":"center center","background-size":"auto","background-attachment":"scroll","background-type":"","background-media":"","overlay-type":"","overlay-color":"","overlay-opacity":"","overlay-gradient":""},"tablet":{"background-color":"var(--ast-global-color-5)","background-image":"","background-repeat":"repeat","background-position":"center center","background-size":"auto","background-attachment":"scroll","background-type":"","background-media":"","overlay-type":"","overlay-color":"","overlay-opacity":"","overlay-gradient":""},"mobile":{"background-color":"var(--ast-global-color-5)","background-image":"","background-repeat":"repeat","background-position":"center center","background-size":"auto","background-attachment":"scroll","background-type":"","background-media":"","overlay-type":"","overlay-color":"","overlay-opacity":"","overlay-gradient":""}},"footnotes":""},"class_list":["post-730","page","type-page","status-publish","hentry"],"_links":{"self":[{"href":"https:\/\/plpetlover.pl\/uk\/wp-json\/wp\/v2\/pages\/730","targetHints":{"allow":["GET"]}}],"collection":[{"href":"https:\/\/plpetlover.pl\/uk\/wp-json\/wp\/v2\/pages"}],"about":[{"href":"https:\/\/plpetlover.pl\/uk\/wp-json\/wp\/v2\/types\/page"}],"author":[{"embeddable":true,"href":"https:\/\/plpetlover.pl\/uk\/wp-json\/wp\/v2\/users\/1"}],"replies":[{"embeddable":true,"href":"https:\/\/plpetlover.pl\/uk\/wp-json\/wp\/v2\/comments?post=730"}],"version-history":[{"count":3,"href":"https:\/\/plpetlover.pl\/uk\/wp-json\/wp\/v2\/pages\/730\/revisions"}],"predecessor-version":[{"id":3026,"href":"https:\/\/plpetlover.pl\/uk\/wp-json\/wp\/v2\/pages\/730\/revisions\/3026"}],"wp:attachment":[{"href":"https:\/\/plpetlover.pl\/uk\/wp-json\/wp\/v2\/media?parent=730"}],"curies":[{"name":"wp","href":"https:\/\/api.w.org\/{rel}","templated":true}]}}